{"id":1136,"date":"2018-06-15T21:23:44","date_gmt":"2018-06-15T19:23:44","guid":{"rendered":"http:\/\/naturheilpraxis-soegil.de\/?page_id=1136"},"modified":"2022-12-06T16:23:53","modified_gmt":"2022-12-06T15:23:53","slug":"startseite","status":"publish","type":"page","link":"https:\/\/naturheilpraxis-soegil.de\/","title":{"rendered":"Startseite"},"content":{"rendered":"<p>Moin,<br \/>\nIch bin Heilpraktikerin Susann S\u00f6gil und\u00a0 freue mich,<br \/>\nsie auf meiner Webseite begr\u00fc\u00dfen zu d\u00fcrfen.<br \/>\nTauchen Sie bitte hier ein in die faszinierende Welt der alternativen Medizin!<br \/>\nDurch die Informationen auf meiner Seite m\u00f6chte ich Ihnen die M\u00f6glichkeit geben,<br \/>\ndie verschiedenen Naturheilverfahren, mit denen ich arbeite, n\u00e4her zu bringen!!<br \/>\nBei Fragen oder Terminwunsch\u00a0 k\u00f6nnen sie mich telefonisch unter<br \/>\n04822 950 711 pers\u00f6nlich erreichen<br \/>\noder Sie schreiben mir ganz einfach eine Mail \u00fcber meine Kontaktseite.<br \/>\nUnd ich melde mich bei Ihnen.<br \/>\nWenn Sie m\u00f6chten, k\u00f6nnen Sie mit mir\u00a0 &#8222;og gerne mol plattd\u00fctsch schnacken&#8220;.<br \/>\nMeine Praxis liegt im Logenweg 3, 25563 Wrist.<\/p>\n<pre><strong><em> Termine nur nach Vereinbarung.<\/em><\/strong><\/pre>\n<p>Gemeinsam\u00a0 finden wir dann einen Weg, wie ich Ihnen weiter helfen kann,<br \/>\num Ihren K\u00f6rper, Geist &amp; Seele ins Gleichgewicht zu bringen.<br \/>\nIch freue mich auf Sie!<\/p>\n<p style=\"text-align: center;\"><img loading=\"lazy\" decoding=\"async\" src=\"https:\/\/naturheilpraxis-soegil.de\/wp-content\/uploads\/2018\/06\/schmetterling.jpg\" alt=\"\" width=\"130\" height=\"108\" \/>&#8222;Heilen kann nur der eigene K\u00f6rper,<br \/>\ndie Seele und der Geist.<br \/>\nAndere Menschen oder Dinge<br \/>\nk\u00f6nnen dazu helfen.&#8220;<br \/>\n(Dr. Ebo Rau)<\/p>\n<p style=\"text-align: left;\">Aufkl\u00e4render Hinweis:<br \/>\nBei vielen alternativen Heilmethoden\u00a0 handelt es sich um Verfahren im Bereich der Erfahrungsheilkunde, welches von der Schulmedizin nicht allgemein anerkannt wird.<br \/>\nDieser Hinweis wird vom Gesetzgeber verlangt.<\/p>\n<p><a href=\"https:\/\/naturheilpraxis-soegil.de\/?page_id=142\">Kontakt<\/a><\/p>\n","protected":false},"excerpt":{"rendered":"<p>Moin, Ich bin Heilpraktikerin Susann S\u00f6gil und\u00a0 freue mich, sie auf meiner Webseite begr\u00fc\u00dfen zu d\u00fcrfen. Tauchen Sie bitte hier ein in die faszinierende Welt der alternativen Medizin! Durch die Informationen auf meiner Seite m\u00f6chte ich Ihnen die M\u00f6glichkeit geben, die verschiedenen Naturheilverfahren, mit denen ich arbeite, n\u00e4her zu bringen!! Bei Fragen oder Terminwunsch\u00a0 k\u00f6nnen &#8230; <a title=\"Startseite\" class=\"read-more\" href=\"https:\/\/naturheilpraxis-soegil.de\/\" aria-label=\"Mehr Informationen \u00fcber Startseite\">Weiterlesen<\/a><\/p>\n","protected":false},"author":5,"featured_media":0,"parent":0,"menu_order":0,"comment_status":"closed","ping_status":"closed","template":"","meta":{"footnotes":""},"class_list":["post-1136","page","type-page","status-publish"],"_links":{"self":[{"href":"https:\/\/naturheilpraxis-soegil.de\/index.php?rest_route=\/wp\/v2\/pages\/1136","targetHints":{"allow":["GET"]}}],"collection":[{"href":"https:\/\/naturheilpraxis-soegil.de\/index.php?rest_route=\/wp\/v2\/pages"}],"about":[{"href":"https:\/\/naturheilpraxis-soegil.de\/index.php?rest_route=\/wp\/v2\/types\/page"}],"author":[{"embeddable":true,"href":"https:\/\/naturheilpraxis-soegil.de\/index.php?rest_route=\/wp\/v2\/users\/5"}],"replies":[{"embeddable":true,"href":"https:\/\/naturheilpraxis-soegil.de\/index.php?rest_route=%2Fwp%2Fv2%2Fcomments&post=1136"}],"version-history":[{"count":16,"href":"https:\/\/naturheilpraxis-soegil.de\/index.php?rest_route=\/wp\/v2\/pages\/1136\/revisions"}],"predecessor-version":[{"id":1383,"href":"https:\/\/naturheilpraxis-soegil.de\/index.php?rest_route=\/wp\/v2\/pages\/1136\/revisions\/1383"}],"wp:attachment":[{"href":"https:\/\/naturheilpraxis-soegil.de\/index.php?rest_route=%2Fwp%2Fv2%2Fmedia&parent=1136"}],"curies":[{"name":"wp","href":"https:\/\/api.w.org\/{rel}","templated":true}]}}