{"id":142,"date":"2011-12-09T18:43:14","date_gmt":"2011-12-09T17:43:14","guid":{"rendered":"http:\/\/naturheilpraxis-soegil.de\/?page_id=142"},"modified":"2025-03-06T16:00:46","modified_gmt":"2025-03-06T15:00:46","slug":"kontakt","status":"publish","type":"page","link":"https:\/\/naturheilpraxis-soegil.de\/?page_id=142","title":{"rendered":"Kontakt"},"content":{"rendered":"<p>Wenn Sie Fragen zu einer Therapie haben oder gerne eine Beratung m\u00f6chten,<br \/>\nschreiben Sie mir eine E-Mail, rufen unverbindlich an.<strong><br \/>\n<\/strong><\/p>\n<p><strong>Naturheilpraxis S\u00f6gil<\/strong><strong><br \/>\nSusann S\u00f6gil<\/strong><strong><br \/>\nLogenweg 3<\/strong><strong><br \/>\n25563 Wrist<\/strong><strong><br \/>\nTelefon: 04822 950711<\/strong><\/p>\n<address>Bitte kopieren Sie die E-Mail Adresse in ihr Mail Programm<\/address>\n<address><strong>EMail: <span style=\"color: #3366ff;\">Naturheilpraxis@soegil.de<\/span><\/strong><\/address>\n<p><strong>Ihre Susann S\u00f6gil.<\/strong><\/p>\n<hr \/>\n","protected":false},"excerpt":{"rendered":"<p>Wenn Sie Fragen zu einer Therapie haben oder gerne eine Beratung m\u00f6chten, schreiben Sie mir eine E-Mail, rufen unverbindlich an. Naturheilpraxis S\u00f6gil Susann S\u00f6gil Logenweg 3 25563 Wrist Telefon: 04822 950711 Bitte kopieren Sie die E-Mail Adresse in ihr Mail Programm EMail: Naturheilpraxis@soegil.de Ihre Susann S\u00f6gil.<\/p>\n","protected":false},"author":1,"featured_media":0,"parent":0,"menu_order":4,"comment_status":"closed","ping_status":"closed","template":"","meta":{"footnotes":""},"class_list":["post-142","page","type-page","status-publish"],"_links":{"self":[{"href":"https:\/\/naturheilpraxis-soegil.de\/index.php?rest_route=\/wp\/v2\/pages\/142","targetHints":{"allow":["GET"]}}],"collection":[{"href":"https:\/\/naturheilpraxis-soegil.de\/index.php?rest_route=\/wp\/v2\/pages"}],"about":[{"href":"https:\/\/naturheilpraxis-soegil.de\/index.php?rest_route=\/wp\/v2\/types\/page"}],"author":[{"embeddable":true,"href":"https:\/\/naturheilpraxis-soegil.de\/index.php?rest_route=\/wp\/v2\/users\/1"}],"replies":[{"embeddable":true,"href":"https:\/\/naturheilpraxis-soegil.de\/index.php?rest_route=%2Fwp%2Fv2%2Fcomments&post=142"}],"version-history":[{"count":51,"href":"https:\/\/naturheilpraxis-soegil.de\/index.php?rest_route=\/wp\/v2\/pages\/142\/revisions"}],"predecessor-version":[{"id":1397,"href":"https:\/\/naturheilpraxis-soegil.de\/index.php?rest_route=\/wp\/v2\/pages\/142\/revisions\/1397"}],"wp:attachment":[{"href":"https:\/\/naturheilpraxis-soegil.de\/index.php?rest_route=%2Fwp%2Fv2%2Fmedia&parent=142"}],"curies":[{"name":"wp","href":"https:\/\/api.w.org\/{rel}","templated":true}]}}