{"id":34,"date":"2011-12-06T20:14:45","date_gmt":"2011-12-06T19:14:45","guid":{"rendered":"http:\/\/naturheilpraxis-soegil.de\/?page_id=34"},"modified":"2011-12-24T23:29:12","modified_gmt":"2011-12-24T22:29:12","slug":"kosten-und-abrechnung","status":"publish","type":"page","link":"https:\/\/naturheilpraxis-soegil.de\/?page_id=34","title":{"rendered":"Kosten \/ Abrechnung"},"content":{"rendered":"<p>Die Behandlungskosten richten sich nach der Geb\u00fchrenordnung f\u00fcr Heilpraktiker und werden in der Regel\u00a0 bar bezahlt. F\u00fcr Privat- und Zusatzversicherte wird eine Rechnung erstellt, die sich\u00a0 nach der Geb\u00fchrenordnung f\u00fcr Heilpraktiker\u00a0 (Geb\u00fcH 85)\u00a0 richtet.<\/p>\n<p>Die Behandlungskosten beim Heilpraktiker werden durch private Krankenversicherungen und private Krankenzusatzversicherungen entsprechend den vereinbarten Tarifen erstattet. Auch Beamte mit Anspruch auf Beihilfe k\u00f6nnen die Kosten bei Ihrer Versicherung einreichen.<\/p>\n<p>Der Behandlungs-Vertrag besteht aber immer zwischen Naturheilpraxis und Patient. D.h. unabh\u00e4ngig davon ob ihre Krankenkasse ihnen unsere Rechnung erstattet oder nicht, ist der Rechnungsbetrag vollst\u00e4ndig zu 100% an die Naturheilpraxis f\u00fcr die erbrachte Leistung zu bezahlen.<\/p>\n<p>Gesetzliche Krankenkassen in Deutschland \u00fcbernehmen die Kosten der Heilpraktiker-Behandlung nicht. Es besteht jedoch f\u00fcr den Versicherten die M\u00f6glichkeit eine Zusatzversicherung f\u00fcr\u00a0 &#8222;alternative Heilmethoden&#8220; abzuschlie\u00dfen (z.Bsp. Zahnersatz, Brille, Heilpraktiker).\u00a0 Sprechen sie ihre Krankenkasse diesbez\u00fcglich an.<\/p>\n<p>Die Geb\u00fchrenordnung, Berufsordnung und Berufsbild f\u00fcr Heilpraktiker sind\u00a0 unter\u00a0 www.ddh-online.de\u00a0 (Die Deutschen Heilpraktikerverb\u00e4nde DDH) einzusehen.<\/p>\n<p>Das Geb\u00fchrenverzeichnis f\u00fcr Heilpraktiker (Geb\u00fcH 85) kann in der Praxis eingesehen werden.<\/p>\n","protected":false},"excerpt":{"rendered":"<p>Die Behandlungskosten richten sich nach der Geb\u00fchrenordnung f\u00fcr Heilpraktiker und werden in der Regel\u00a0 bar bezahlt. F\u00fcr Privat- und Zusatzversicherte wird eine Rechnung erstellt, die sich\u00a0 nach der Geb\u00fchrenordnung f\u00fcr Heilpraktiker\u00a0 (Geb\u00fcH 85)\u00a0 richtet. Die Behandlungskosten beim Heilpraktiker werden durch private Krankenversicherungen und private Krankenzusatzversicherungen entsprechend den vereinbarten Tarifen erstattet. Auch Beamte mit Anspruch auf &#8230; <a title=\"Kosten \/ Abrechnung\" class=\"read-more\" href=\"https:\/\/naturheilpraxis-soegil.de\/?page_id=34\" aria-label=\"Mehr Informationen \u00fcber Kosten \/ Abrechnung\">Weiterlesen<\/a><\/p>\n","protected":false},"author":1,"featured_media":0,"parent":0,"menu_order":3,"comment_status":"closed","ping_status":"closed","template":"","meta":{"footnotes":""},"class_list":["post-34","page","type-page","status-publish"],"_links":{"self":[{"href":"https:\/\/naturheilpraxis-soegil.de\/index.php?rest_route=\/wp\/v2\/pages\/34","targetHints":{"allow":["GET"]}}],"collection":[{"href":"https:\/\/naturheilpraxis-soegil.de\/index.php?rest_route=\/wp\/v2\/pages"}],"about":[{"href":"https:\/\/naturheilpraxis-soegil.de\/index.php?rest_route=\/wp\/v2\/types\/page"}],"author":[{"embeddable":true,"href":"https:\/\/naturheilpraxis-soegil.de\/index.php?rest_route=\/wp\/v2\/users\/1"}],"replies":[{"embeddable":true,"href":"https:\/\/naturheilpraxis-soegil.de\/index.php?rest_route=%2Fwp%2Fv2%2Fcomments&post=34"}],"version-history":[{"count":7,"href":"https:\/\/naturheilpraxis-soegil.de\/index.php?rest_route=\/wp\/v2\/pages\/34\/revisions"}],"predecessor-version":[{"id":318,"href":"https:\/\/naturheilpraxis-soegil.de\/index.php?rest_route=\/wp\/v2\/pages\/34\/revisions\/318"}],"wp:attachment":[{"href":"https:\/\/naturheilpraxis-soegil.de\/index.php?rest_route=%2Fwp%2Fv2%2Fmedia&parent=34"}],"curies":[{"name":"wp","href":"https:\/\/api.w.org\/{rel}","templated":true}]}}