{"id":903,"date":"2012-02-28T14:53:27","date_gmt":"2012-02-28T13:53:27","guid":{"rendered":"http:\/\/naturheilpraxis-soegil.de\/?page_id=903"},"modified":"2026-01-10T18:23:04","modified_gmt":"2026-01-10T17:23:04","slug":"schropfen","status":"publish","type":"page","link":"https:\/\/naturheilpraxis-soegil.de\/?page_id=903","title":{"rendered":"Schr\u00f6pfen"},"content":{"rendered":"<p><span style=\"color: #008000; font-size: 14pt;\"><strong>Schr\u00f6pfen:<\/strong><\/span><br \/>\n<span style=\"font-size: 14pt; color: #008000;\"> <strong> Sanft gegen Schmerzen<\/strong><\/span><\/p>\n<p><span style=\"font-size: 12pt; font-family: georgia, palatino, serif;\">Eine uralte Methode, die schon von \u00c4gyptern und Griechen angewandt wurde.<\/span><br \/>\n<span style=\"font-size: 12pt; font-family: georgia, palatino, serif;\">Ein Ausleitungsverfahren, wie auch Blutegel und Aderlass.<\/span><br \/>\n<span style=\"font-size: 12pt; font-family: georgia, palatino, serif;\">Es werden gl\u00e4serne Schr\u00f6pfk\u00f6pfe (Saugglocken) auf die Haut aufgesetzt.\u00a0 Es sind sogenannte Unterdruckgl\u00e4sern. Mit Feuer oder eine Pumpe wird ein Vakuum erzeugt. Die Haut w\u00f6lbt sich in das Glas hinein und wird dadurch stark durchblutet.\u00a0 Das Blut wird also dadurch in die Haut gesogen.\u00a0 Die angesaugten Blutk\u00f6rperchen bilden einen kreisrunden blauen Fleck, der nach wenigen Tagen verschwindet. \u00a0<\/span><br \/>\n<span style=\"font-size: 12pt; font-family: georgia, palatino, serif;\">Das entstehende Vakuum f\u00f6rdert einerseits die Durchblutung im geschr\u00f6pften Bereich und andererseits k\u00f6nnen \u00fcber Reflexzonen auch die inneren Organe positiv beeinflusst werden. <\/span><br \/>\n<span style=\"font-size: 12pt; font-family: georgia, palatino, serif;\">Als k\u00f6rperliche Reaktion auf das Schr\u00f6pfen entstehen eine vermehrte Durchblutung des Gewebes, eine Stimulierung des vegetativen Nervensystems und eine Aktivierung des Immunsystems. Das Schr\u00f6pfen wirkt also nicht nur lokal, sondern kann \u00fcber die Reflexzonen auch Einfluss auf die inneren Organe nehmen. Da das Schr\u00f6pfen auch bei Muskelverspannungen und R\u00fcckenschmerzen Linderung bringt und schmerzstillend wirkt, ist diese Behandlung sehr beliebt.<\/span><\/p>\n<p><span style=\"font-size: 12pt; font-family: 'times new roman', times;\"><span style=\"font-family: georgia, palatino, serif; font-size: 14pt;\"><strong><span style=\"color: #008000;\">Ziel:<\/span><\/strong><\/span><br \/>\n<span style=\"font-family: georgia, palatino, serif;\">Korrigieren einer gest\u00f6rten Energiebalance, Beheben von entz\u00fcndlichen Erkrankungen und funktionellen St\u00f6rungen. Diese Therapie wird zu einem gro\u00dfen Teil auf dem Gebiet der Schmerzlinderung eingesetzt, z. B. im Falle eines Bandscheibenvorfalls, Ischias Beschwerden oder eines Hexenschusses.<\/span><br \/>\n<a title=\"Wirkungsweise des Schr\u00f6pfens\" href=\"https:\/\/naturheilpraxis-soegil.de\/?page_id=915\">weiterlesen&#8230;<\/a><\/span><\/p>\n<p><span style=\"font-size: 12pt;\"><strong><span style=\"font-family: 'times new roman', times; color: #008000; font-size: 14pt;\">Die nat\u00fcrliche Hilfe bei:<\/span><span style=\"font-family: 'times new roman', times;\"><br \/>\n<\/span><\/strong><\/span><\/p>\n<ul style=\"list-style-type: disc;\">\n<li><span style=\"font-size: 12pt; font-family: georgia, palatino, serif;\">Gelenkschmerzen<\/span><\/li>\n<li><span style=\"font-size: 12pt; font-family: georgia, palatino, serif;\">R\u00fcckenproblemen<\/span><\/li>\n<li><span style=\"font-size: 12pt; font-family: georgia, palatino, serif;\">Durchblutungsst\u00f6rungen<\/span><\/li>\n<\/ul>\n<p><span style=\"color: #008000; font-size: 14pt;\"><strong><span style=\"font-family: 'times new roman', times;\">Zur Unterst\u00fctzung auch bei Hautkrankheiten, wie:<\/span><\/strong><\/span><\/p>\n<ul style=\"list-style-type: disc;\">\n<li><span style=\"font-size: 12pt; font-family: georgia, palatino, serif;\">Psoriasis (Schuppenflechte)<\/span><\/li>\n<li><span style=\"font-size: 12pt; font-family: georgia, palatino, serif;\">Neurodermitis<\/span><\/li>\n<li><span style=\"font-size: 12pt; font-family: georgia, palatino, serif;\">Akne<\/span><\/li>\n<\/ul>\n<p><span style=\"font-size: 14pt;\"><strong><span style=\"color: #008000; font-family: 'times new roman', times;\">Die Schr\u00f6pfkopfmassage:<\/span><\/strong><\/span><br \/>\n<span style=\"font-size: 14pt;\"><strong><span style=\"color: #008000; font-family: 'times new roman', times;\"> Entgiftungs- und Regulationstherapie<\/span><\/strong><\/span><\/p>\n<p><span style=\"font-size: 12pt; font-family: georgia, palatino, serif;\">Die sanfteste Methode ist die Schr\u00f6pfkopfmassage. Hierbei wird zuerst die betroffene K\u00f6rperregion mit \u00d6l eingerieben, anschlie\u00dfend wird das Sch\u00f6pfgef\u00e4\u00df beidseits der Wirbels\u00e4ule entlang gezogen. <\/span><br \/>\n<span style=\"font-size: 12pt; font-family: georgia, palatino, serif;\">Die Schr\u00f6pfkopfmassage wirkt wunderbar bei Verspannungen der Muskulatur &#8211; h\u00e4ufig vorkommend an Nacken- oder Schultermuskulatur.<\/span><br \/>\n<span style=\"font-size: 12pt; font-family: georgia, palatino, serif;\">Die Schr\u00f6pfkopfmassage ist schmerzlos und wird vom Patienten als angenehm und vitalisierend empfunden und kann auch als Vorbereitung f\u00fcr die sanfte Wirbels\u00e4ulentherapie oder R\u00fcckenmassage durchgef\u00fchrt werden.<\/span><\/p>\n","protected":false},"excerpt":{"rendered":"<p>Schr\u00f6pfen: Sanft gegen Schmerzen Eine uralte Methode, die schon von \u00c4gyptern und Griechen angewandt wurde. Ein Ausleitungsverfahren, wie auch Blutegel und Aderlass. Es werden gl\u00e4serne Schr\u00f6pfk\u00f6pfe (Saugglocken) auf die Haut aufgesetzt.\u00a0 Es sind sogenannte Unterdruckgl\u00e4sern. Mit Feuer oder eine Pumpe wird ein Vakuum erzeugt. Die Haut w\u00f6lbt sich in das Glas hinein und wird dadurch &#8230; <a title=\"Schr\u00f6pfen\" class=\"read-more\" href=\"https:\/\/naturheilpraxis-soegil.de\/?page_id=903\" aria-label=\"Mehr Informationen \u00fcber Schr\u00f6pfen\">Weiterlesen<\/a><\/p>\n","protected":false},"author":1,"featured_media":0,"parent":0,"menu_order":9,"comment_status":"closed","ping_status":"closed","template":"","meta":{"footnotes":""},"class_list":["post-903","page","type-page","status-publish"],"_links":{"self":[{"href":"https:\/\/naturheilpraxis-soegil.de\/index.php?rest_route=\/wp\/v2\/pages\/903","targetHints":{"allow":["GET"]}}],"collection":[{"href":"https:\/\/naturheilpraxis-soegil.de\/index.php?rest_route=\/wp\/v2\/pages"}],"about":[{"href":"https:\/\/naturheilpraxis-soegil.de\/index.php?rest_route=\/wp\/v2\/types\/page"}],"author":[{"embeddable":true,"href":"https:\/\/naturheilpraxis-soegil.de\/index.php?rest_route=\/wp\/v2\/users\/1"}],"replies":[{"embeddable":true,"href":"https:\/\/naturheilpraxis-soegil.de\/index.php?rest_route=%2Fwp%2Fv2%2Fcomments&post=903"}],"version-history":[{"count":25,"href":"https:\/\/naturheilpraxis-soegil.de\/index.php?rest_route=\/wp\/v2\/pages\/903\/revisions"}],"predecessor-version":[{"id":1433,"href":"https:\/\/naturheilpraxis-soegil.de\/index.php?rest_route=\/wp\/v2\/pages\/903\/revisions\/1433"}],"wp:attachment":[{"href":"https:\/\/naturheilpraxis-soegil.de\/index.php?rest_route=%2Fwp%2Fv2%2Fmedia&parent=903"}],"curies":[{"name":"wp","href":"https:\/\/api.w.org\/{rel}","templated":true}]}}