{"id":915,"date":"2012-02-28T15:41:47","date_gmt":"2012-02-28T14:41:47","guid":{"rendered":"http:\/\/naturheilpraxis-soegil.de\/?page_id=915"},"modified":"2022-12-07T11:51:33","modified_gmt":"2022-12-07T10:51:33","slug":"wirkungsweise-des-schropfens","status":"publish","type":"page","link":"https:\/\/naturheilpraxis-soegil.de\/?page_id=915","title":{"rendered":"Wirkungsweise des Schr\u00f6pfens"},"content":{"rendered":"<p><span style=\"font-size: 14pt; font-family: georgia, palatino, serif; color: #008000;\"><strong>Wirkung des Vakuums:<\/strong><\/span><\/p>\n<ul style=\"list-style-type: disc;\">\n<li>eingelagerte S\u00e4urekn\u00f6tchen werden aufgebrochen<\/li>\n<li>verklebte Muskelfasern l\u00f6sen sich voneinander<\/li>\n<li>Verspannungen werden gelockert<\/li>\n<li>die Durchblutung wird optimiert und der Lymphabfluss angeregt<\/li>\n<li>Stauungen k\u00f6nnen abflie\u00dfen<\/li>\n<li>Reflexzonen mit den zugeh\u00f6rigen Organsegmenten werden aktiviert und regen die Selbstheilungskr\u00e4fte des betreffenden Organs an.<\/li>\n<\/ul>\n<p><span style=\"color: #008000; font-family: georgia, palatino, serif; font-size: 14pt;\"><strong>Das Knorpelgewebe wird durch das Schr\u00f6pfen mit neuen N\u00e4hrstoffen versorgt, das bedeutet:<\/strong><\/span><\/p>\n<ul style=\"list-style-type: disc;\">\n<li>Anregung der Zellaktivit\u00e4t<\/li>\n<li>Abbau von Blockaden<\/li>\n<\/ul>\n<p><span style=\"font-size: medium; color: #008000; font-family: times new roman,times;\"><strong><span style=\"font-family: georgia, palatino, serif; font-size: 14pt;\">Gute Erfolge sind bei folgenden Einsatzgebieten zu erwarten: \ud83d\ude00<\/span><br \/>\n<\/strong><\/span><\/p>\n<ul>\n<li>Muskelverspannungen \/ Myogelosen<\/li>\n<li>R\u00fcckenproblemen \/Lumbalgie \/ Ischialgie<\/li>\n<li>Schulter-Arm-Syndrom<\/li>\n<li>Arthrose<\/li>\n<li>Durchblutungsst\u00f6rungen<\/li>\n<li>Rheuma<\/li>\n<li>Tennisarm<\/li>\n<li>Lymphstau<\/li>\n<li>Cellulite<\/li>\n<\/ul>\n<p><span style=\"font-size: medium; font-family: times new roman,times; color: #008000;\"><strong><span style=\"font-family: georgia, palatino, serif; font-size: 14pt;\">Bei diesen Beschwerden empfiehlt sich das Schr\u00f6pfen: \ud83d\ude00<\/span><br \/>\n<\/strong><\/span><\/p>\n<ul style=\"list-style-type: disc;\">\n<li>chronische Schw\u00e4chezust\u00e4nde<\/li>\n<li>Narben<\/li>\n<li>Wirbels\u00e4ulenschmerzen<\/li>\n<li>Muskelverspannungen<\/li>\n<li>Bechterew-Krankheit<\/li>\n<li>niedriger Blutdruck<\/li>\n<li>Oberbaucherkrankungen<\/li>\n<li>funktionelle Herzbeschwerden<\/li>\n<li>Bronchialinfekte<\/li>\n<li>Verdauungsschw\u00e4che<\/li>\n<\/ul>\n<p><span style=\"font-size: medium; font-family: times new roman,times;\"><strong><span style=\"color: #008000;\"><span style=\"font-family: georgia, palatino, serif; font-size: 14pt;\">Diese Therapie ist f\u00fcr Sie nicht geeignet wenn: \ud83d\ude25<\/span><br \/>\n<\/span><\/strong><\/span><\/p>\n<ul style=\"list-style-type: disc;\">\n<li>Thrombose oder Verdacht auf Thrombose<\/li>\n<li>unmittelbar auf Krampfadern<\/li>\n<li>direkt auf Augen und Ohren<\/li>\n<li>an oder auf frischen Wunden<\/li>\n<li>bei Einnahme von blutverd\u00fcnnenden Mitteln<\/li>\n<li>postoperativ (nach frischer OP)<\/li>\n<\/ul>\n<p><span style=\"font-family: georgia, palatino, serif; font-size: 14pt;\"><strong><a title=\"Schr\u00f6pfen\" href=\"https:\/\/naturheilpraxis-soegil.de\/?page_id=903(\u00f6ffnet in neuem Tab)\" data-wplink-url-error=\"true\">Zur\u00fcck<\/a><\/strong><\/span><\/p>\n","protected":false},"excerpt":{"rendered":"<p>Wirkung des Vakuums: eingelagerte S\u00e4urekn\u00f6tchen werden aufgebrochen verklebte Muskelfasern l\u00f6sen sich voneinander Verspannungen werden gelockert die Durchblutung wird optimiert und der Lymphabfluss angeregt Stauungen k\u00f6nnen abflie\u00dfen Reflexzonen mit den zugeh\u00f6rigen Organsegmenten werden aktiviert und regen die Selbstheilungskr\u00e4fte des betreffenden Organs an. Das Knorpelgewebe wird durch das Schr\u00f6pfen mit neuen N\u00e4hrstoffen versorgt, das bedeutet: Anregung der &#8230; <a title=\"Wirkungsweise des Schr\u00f6pfens\" class=\"read-more\" href=\"https:\/\/naturheilpraxis-soegil.de\/?page_id=915\" aria-label=\"Mehr Informationen \u00fcber Wirkungsweise des Schr\u00f6pfens\">Weiterlesen<\/a><\/p>\n","protected":false},"author":2,"featured_media":0,"parent":0,"menu_order":0,"comment_status":"closed","ping_status":"closed","template":"","meta":{"footnotes":""},"class_list":["post-915","page","type-page","status-publish"],"_links":{"self":[{"href":"https:\/\/naturheilpraxis-soegil.de\/index.php?rest_route=\/wp\/v2\/pages\/915","targetHints":{"allow":["GET"]}}],"collection":[{"href":"https:\/\/naturheilpraxis-soegil.de\/index.php?rest_route=\/wp\/v2\/pages"}],"about":[{"href":"https:\/\/naturheilpraxis-soegil.de\/index.php?rest_route=\/wp\/v2\/types\/page"}],"author":[{"embeddable":true,"href":"https:\/\/naturheilpraxis-soegil.de\/index.php?rest_route=\/wp\/v2\/users\/2"}],"replies":[{"embeddable":true,"href":"https:\/\/naturheilpraxis-soegil.de\/index.php?rest_route=%2Fwp%2Fv2%2Fcomments&post=915"}],"version-history":[{"count":13,"href":"https:\/\/naturheilpraxis-soegil.de\/index.php?rest_route=\/wp\/v2\/pages\/915\/revisions"}],"predecessor-version":[{"id":1390,"href":"https:\/\/naturheilpraxis-soegil.de\/index.php?rest_route=\/wp\/v2\/pages\/915\/revisions\/1390"}],"wp:attachment":[{"href":"https:\/\/naturheilpraxis-soegil.de\/index.php?rest_route=%2Fwp%2Fv2%2Fmedia&parent=915"}],"curies":[{"name":"wp","href":"https:\/\/api.w.org\/{rel}","templated":true}]}}